{"id":843,"date":"2016-03-16T22:02:20","date_gmt":"2016-03-17T01:02:20","guid":{"rendered":"http:\/\/www.gpebanisteria.com.ar\/?page_id=843"},"modified":"2016-09-27T00:51:52","modified_gmt":"2016-09-27T03:51:52","slug":"clases-workshops","status":"publish","type":"page","link":"https:\/\/www.gpebanisteria.com.ar\/?page_id=843","title":{"rendered":"Clases \/ Workshops"},"content":{"rendered":"<p>En GP Ebanister\u00eda abordamos la ense\u00f1anza desde el compromiso con la excelencia y la sensibilidad hacia la madera. Teor\u00eda y pr\u00e1ctica se unen para guiarnos en un viaje personal, a trav\u00e9s de este oficio \u00fanico y milenario.<\/p>\n<div id=\"metaslider-id-891\" style=\"max-width: 900px;\" class=\"ml-slider-3-108-0 metaslider metaslider-flex metaslider-891 ml-slider ms-theme-default nav-hidden\" role=\"region\" aria-label=\"Workshop\" data-height=\"500\" data-width=\"900\">\n    <div id=\"metaslider_container_891\">\n        <div id=\"metaslider_891\">\n            <ul class='slides'>\n                <li style=\"display: block; width: 100%;\" class=\"slide-879 ms-image \" aria-roledescription=\"slide\" data-date=\"2016-04-11 11:45:50\" data-filename=\"IMG_2044-900x500.jpg\" data-slide-type=\"image\"><img loading=\"lazy\" decoding=\"async\" src=\"https:\/\/www.gpebanisteria.com.ar\/gp_wp\/wp-content\/uploads\/2016\/04\/IMG_2044-900x500.jpg\" height=\"500\" width=\"900\" alt=\"Workshops GP Ebanister\u00eda\" class=\"slider-891 slide-879 msDefaultImage\" title=\"Workshop Taller Ebanister\u00eda\" \/><div class=\"caption-wrap\"><div class=\"caption\">Workshops GP Ebanister\u00eda<\/div><\/div><\/li>\n                <li style=\"display: none; width: 100%;\" class=\"slide-902 ms-image \" aria-roledescription=\"slide\" data-date=\"2016-04-13 00:45:59\" data-filename=\"1-900x500.jpg\" data-slide-type=\"image\"><img loading=\"lazy\" decoding=\"async\" src=\"https:\/\/www.gpebanisteria.com.ar\/gp_wp\/wp-content\/uploads\/2016\/04\/1-900x500.jpg\" height=\"500\" width=\"900\" alt=\"Workshops GP Ebanister\u00eda\" class=\"slider-891 slide-902 msDefaultImage\" title=\"Workshop Taller Ebanister\u00eda\" \/><div class=\"caption-wrap\"><div class=\"caption\">Workshops GP Ebanister\u00eda<\/div><\/div><\/li>\n                <li style=\"display: none; width: 100%;\" class=\"slide-903 ms-image \" aria-roledescription=\"slide\" data-date=\"2016-04-13 00:46:06\" data-filename=\"2-900x500.jpg\" data-slide-type=\"image\"><img loading=\"lazy\" decoding=\"async\" src=\"https:\/\/www.gpebanisteria.com.ar\/gp_wp\/wp-content\/uploads\/2016\/04\/2-900x500.jpg\" height=\"500\" width=\"900\" alt=\"Workshops GP Ebanister\u00eda\" class=\"slider-891 slide-903 msDefaultImage\" title=\"Workshop Taller Ebanister\u00eda\" \/><div class=\"caption-wrap\"><div class=\"caption\">Workshops GP Ebanister\u00eda<\/div><\/div><\/li>\n                <li style=\"display: none; width: 100%;\" class=\"slide-904 ms-image \" aria-roledescription=\"slide\" data-date=\"2016-04-13 00:46:12\" data-filename=\"3-900x500.jpg\" data-slide-type=\"image\"><img loading=\"lazy\" decoding=\"async\" src=\"https:\/\/www.gpebanisteria.com.ar\/gp_wp\/wp-content\/uploads\/2016\/04\/3-900x500.jpg\" height=\"500\" width=\"900\" alt=\"Workshops GP Ebanister\u00eda\" class=\"slider-891 slide-904 msDefaultImage\" title=\"Workshop Taller Ebanister\u00eda\" \/><div class=\"caption-wrap\"><div class=\"caption\">Workshops GP Ebanister\u00eda<\/div><\/div><\/li>\n                <li style=\"display: none; width: 100%;\" class=\"slide-905 ms-image \" aria-roledescription=\"slide\" data-date=\"2016-04-13 00:46:17\" data-filename=\"4-900x500.jpg\" data-slide-type=\"image\"><img loading=\"lazy\" decoding=\"async\" src=\"https:\/\/www.gpebanisteria.com.ar\/gp_wp\/wp-content\/uploads\/2016\/04\/4-900x500.jpg\" height=\"500\" width=\"900\" alt=\"Workshops GP Ebanister\u00eda\" class=\"slider-891 slide-905 msDefaultImage\" title=\"Workshop Taller Ebanister\u00eda\" \/><div class=\"caption-wrap\"><div class=\"caption\">Workshops GP Ebanister\u00eda<\/div><\/div><\/li>\n                <li style=\"display: none; width: 100%;\" class=\"slide-906 ms-image \" aria-roledescription=\"slide\" data-date=\"2016-04-13 00:46:23\" data-filename=\"5-900x500.jpg\" data-slide-type=\"image\"><img loading=\"lazy\" decoding=\"async\" src=\"https:\/\/www.gpebanisteria.com.ar\/gp_wp\/wp-content\/uploads\/2016\/04\/5-900x500.jpg\" height=\"500\" width=\"900\" alt=\"Workshops GP Ebanister\u00eda\" class=\"slider-891 slide-906 msDefaultImage\" title=\"Workshop Taller Ebanister\u00eda\" \/><div class=\"caption-wrap\"><div class=\"caption\">Workshops GP Ebanister\u00eda<\/div><\/div><\/li>\n                <li style=\"display: none; width: 100%;\" class=\"slide-907 ms-image \" aria-roledescription=\"slide\" data-date=\"2016-04-13 00:46:30\" data-filename=\"6-900x500.jpg\" data-slide-type=\"image\"><img loading=\"lazy\" decoding=\"async\" src=\"https:\/\/www.gpebanisteria.com.ar\/gp_wp\/wp-content\/uploads\/2016\/04\/6-900x500.jpg\" height=\"500\" width=\"900\" alt=\"Workshops GP Ebanister\u00eda\" class=\"slider-891 slide-907 msDefaultImage\" \/><div class=\"caption-wrap\"><div class=\"caption\">Workshops GP Ebanister\u00eda<\/div><\/div><\/li>\n                <li style=\"display: none; width: 100%;\" class=\"slide-908 ms-image \" aria-roledescription=\"slide\" data-date=\"2016-04-13 00:46:37\" data-filename=\"7-900x500.jpg\" data-slide-type=\"image\"><img loading=\"lazy\" decoding=\"async\" src=\"https:\/\/www.gpebanisteria.com.ar\/gp_wp\/wp-content\/uploads\/2016\/04\/7-900x500.jpg\" height=\"500\" width=\"900\" alt=\"Workshops GP Ebanister\u00eda\" class=\"slider-891 slide-908 msDefaultImage\" title=\"Workshop Taller Ebanister\u00eda\" \/><div class=\"caption-wrap\"><div class=\"caption\">Workshops GP Ebanister\u00eda<\/div><\/div><\/li>\n                <li style=\"display: none; width: 100%;\" class=\"slide-910 ms-image \" aria-roledescription=\"slide\" data-date=\"2016-04-13 00:46:49\" data-filename=\"9-900x500.jpg\" data-slide-type=\"image\"><img loading=\"lazy\" decoding=\"async\" src=\"https:\/\/www.gpebanisteria.com.ar\/gp_wp\/wp-content\/uploads\/2016\/04\/9-900x500.jpg\" height=\"500\" width=\"900\" alt=\"Workshops GP Ebanister\u00eda\" class=\"slider-891 slide-910 msDefaultImage\" title=\"Workshop Taller Ebanister\u00eda\" \/><div class=\"caption-wrap\"><div class=\"caption\">Workshops GP Ebanister\u00eda<\/div><\/div><\/li>\n                <li style=\"display: none; width: 100%;\" class=\"slide-911 ms-image \" aria-roledescription=\"slide\" data-date=\"2016-04-13 00:46:57\" data-filename=\"10-900x500.jpg\" data-slide-type=\"image\"><img loading=\"lazy\" decoding=\"async\" src=\"https:\/\/www.gpebanisteria.com.ar\/gp_wp\/wp-content\/uploads\/2016\/04\/10-900x500.jpg\" height=\"500\" width=\"900\" alt=\"Workshops GP Ebanister\u00eda\" class=\"slider-891 slide-911 msDefaultImage\" title=\"Workshop Taller Ebanister\u00eda\" \/><div class=\"caption-wrap\"><div class=\"caption\">Workshops GP Ebanister\u00eda<\/div><\/div><\/li>\n                <li style=\"display: none; width: 100%;\" class=\"slide-909 ms-image \" aria-roledescription=\"slide\" data-date=\"2016-04-13 00:46:43\" data-filename=\"8-900x500.jpg\" data-slide-type=\"image\"><img loading=\"lazy\" decoding=\"async\" src=\"https:\/\/www.gpebanisteria.com.ar\/gp_wp\/wp-content\/uploads\/2016\/04\/8-900x500.jpg\" height=\"500\" width=\"900\" alt=\"Workshops GP Ebanister\u00eda\" class=\"slider-891 slide-909 msDefaultImage\" title=\"Workshop Taller Ebanister\u00eda\" \/><div class=\"caption-wrap\"><div class=\"caption\">Workshops GP Ebanister\u00eda<\/div><\/div><\/li>\n                <li style=\"display: none; width: 100%;\" class=\"slide-878 ms-image \" aria-roledescription=\"slide\" data-date=\"2016-04-11 11:45:43\" data-filename=\"foto-Karina-Paz-kyj2-900x500.jpg\" data-slide-type=\"image\"><img loading=\"lazy\" decoding=\"async\" src=\"https:\/\/www.gpebanisteria.com.ar\/gp_wp\/wp-content\/uploads\/2016\/04\/foto-Karina-Paz-kyj2-900x500.jpg\" height=\"500\" width=\"900\" alt=\"Workshops GP Ebanister\u00eda\" class=\"slider-891 slide-878 msDefaultImage\" title=\"Workshop Taller Ebanister\u00eda\" \/><div class=\"caption-wrap\"><div class=\"caption\">Foto por Karina Paz<\/div><\/div><\/li>\n                <li style=\"display: none; width: 100%;\" class=\"slide-877 ms-image \" aria-roledescription=\"slide\" data-date=\"2016-04-11 11:45:41\" data-filename=\"Foto-Karina-Paz-ky-j-1-900x500.jpg\" data-slide-type=\"image\"><img loading=\"lazy\" decoding=\"async\" src=\"https:\/\/www.gpebanisteria.com.ar\/gp_wp\/wp-content\/uploads\/2016\/04\/Foto-Karina-Paz-ky-j-1-900x500.jpg\" height=\"500\" width=\"900\" alt=\"Workshops GP Ebanister\u00eda\" class=\"slider-891 slide-877 msDefaultImage\" title=\"Workshop Taller Ebanister\u00eda\" \/><div class=\"caption-wrap\"><div class=\"caption\">Foto por Karina Paz<\/div><\/div><\/li>\n            <\/ul>\n        <\/div>\n        \n    <\/div>\n<\/div>\n<p>Para eso ofrecemos los siguientes programas:<\/p>\n<p><strong>Clases anuales regulares<\/strong>:<br \/>\nCurso grupal (duraci\u00f3n: de 7 a 8 meses). De Marzo a Noviembre. Todos los niveles.<br \/>\nUna vez por semana (consultar d\u00edas y horarios). Clases de 3 horas cada una.<\/p>\n<p><strong>Clases individuales<\/strong>:<br \/>\nEspecialmente dedicado a participantes extranjeros o del interior del pa\u00eds. Clases de media jornada o jornada completa con un m\u00ednimo de 3 d\u00edas consecutivos y un m\u00e1ximo de 5 d\u00edas. Dedicaci\u00f3n personalizada. Se agenda por lo menos con un mes y medio de anticipaci\u00f3n. Todos los niveles. Se ofrecen tambi\u00e9n en Portugu\u00e9s, Ingl\u00e9s, Franc\u00e9s y Alem\u00e1n.<\/p>\n<p><strong>Seminarios-Workshops<\/strong>:<br \/>\nIntensivos de una o dos semanas de duraci\u00f3n de 35 y 70 horas de trabajo full time respectivamente. Se ofrecen una o dos veces al a\u00f1o. Por lo general a comienzos de marzo y Septiembre. Todos los niveles. Vacantes limitadas.<br \/>\nEn todos los casos la programaci\u00f3n de los cursos se publicar\u00e1 por Facebook e Instagram .<\/p>\n<p>Para cualquier consulta usar el <a href=\"http:\/\/www.gpebanisteria.com.ar\/?page_id=39\" target=\"_blank\">formulario de contacto<\/a> o llamar a los siguientes tel\u00e9fonos:<br \/>\n(0054-11) 4566-5733<br \/>\n15-5-106-0235<\/p>\n","protected":false},"excerpt":{"rendered":"<p>En GP Ebanister\u00eda abordamos la ense\u00f1anza desde el compromiso con la excelencia y la sensibilidad hacia la madera. Teor\u00eda y pr\u00e1ctica se unen para guiarnos en un viaje personal, a trav\u00e9s de este oficio \u00fanico y milenario. Para eso ofrecemos los siguientes programas: Clases anuales regulares: Curso grupal (duraci\u00f3n: de 7 a 8 meses). De [&hellip;]<\/p>\n","protected":false},"author":1,"featured_media":0,"parent":0,"menu_order":1,"comment_status":"closed","ping_status":"closed","template":"","meta":{"footnotes":""},"class_list":["post-843","page","type-page","status-publish","hentry"],"_links":{"self":[{"href":"https:\/\/www.gpebanisteria.com.ar\/index.php?rest_route=\/wp\/v2\/pages\/843","targetHints":{"allow":["GET"]}}],"collection":[{"href":"https:\/\/www.gpebanisteria.com.ar\/index.php?rest_route=\/wp\/v2\/pages"}],"about":[{"href":"https:\/\/www.gpebanisteria.com.ar\/index.php?rest_route=\/wp\/v2\/types\/page"}],"author":[{"embeddable":true,"href":"https:\/\/www.gpebanisteria.com.ar\/index.php?rest_route=\/wp\/v2\/users\/1"}],"replies":[{"embeddable":true,"href":"https:\/\/www.gpebanisteria.com.ar\/index.php?rest_route=%2Fwp%2Fv2%2Fcomments&post=843"}],"version-history":[{"count":26,"href":"https:\/\/www.gpebanisteria.com.ar\/index.php?rest_route=\/wp\/v2\/pages\/843\/revisions"}],"predecessor-version":[{"id":1112,"href":"https:\/\/www.gpebanisteria.com.ar\/index.php?rest_route=\/wp\/v2\/pages\/843\/revisions\/1112"}],"wp:attachment":[{"href":"https:\/\/www.gpebanisteria.com.ar\/index.php?rest_route=%2Fwp%2Fv2%2Fmedia&parent=843"}],"curies":[{"name":"wp","href":"https:\/\/api.w.org\/{rel}","templated":true}]}}