{"id":29,"date":"2014-06-04T17:49:28","date_gmt":"2014-06-04T17:49:28","guid":{"rendered":"http:\/\/l9000166.ferozo.com\/gp_wp\/?page_id=29"},"modified":"2016-09-28T02:22:55","modified_gmt":"2016-09-28T05:22:55","slug":"biografia","status":"publish","type":"page","link":"https:\/\/www.gpebanisteria.com.ar\/?page_id=29","title":{"rendered":"Biograf\u00eda"},"content":{"rendered":"<p><img loading=\"lazy\" decoding=\"async\" class=\"alignleft wp-image-837 size-full\" title=\"Foto por Sergio Barbero\" src=\"http:\/\/www.gpebanisteria.com.ar\/gp_wp\/wp-content\/uploads\/2014\/06\/German-500px.jpg\" alt=\"German-500px\" width=\"512\" height=\"512\" srcset=\"https:\/\/www.gpebanisteria.com.ar\/gp_wp\/wp-content\/uploads\/2014\/06\/German-500px.jpg 512w, https:\/\/www.gpebanisteria.com.ar\/gp_wp\/wp-content\/uploads\/2014\/06\/German-500px-150x150.jpg 150w, https:\/\/www.gpebanisteria.com.ar\/gp_wp\/wp-content\/uploads\/2014\/06\/German-500px-300x300.jpg 300w\" sizes=\"auto, (max-width: 512px) 100vw, 512px\" \/><span style=\"color: #000000;\">Germ\u00e1n Plessl naci\u00f3 en Buenos Aires en 1968 y se dedica a la ebanister\u00eda desde 1990.<\/span>\u00a0<br style=\"color: #000000;\" \/><br style=\"color: #000000;\" \/><span style=\"color: #000000;\">Fue disc\u00edpulo del maestro Blas Cantesani e integr\u00f3 luego durante cinco a\u00f1os la sociedad de ebanistas Plessl-Scherer en su taller de Capital Federal.\u00a0<\/span><br style=\"color: #000000;\" \/><br style=\"color: #000000;\" \/><span style=\"color: #000000;\">En los Estados Unidos se gradu\u00f3 en el\u00a0<\/span><em style=\"color: #000000;\">Fine Furniture Program,\u00a0<\/em><span style=\"color: #000000;\">del\u00a0<\/span><em style=\"color: #000000;\">Redwoods College<\/em><span style=\"color: #000000;\">\u00a0en Fort Bragg, California, programa de ebanister\u00eda mundialmente reconocido. Esta intensiva formaci\u00f3n, que se distingue por su compromiso con la excelencia y la creatividad, le permiti\u00f3 profundizar y enriquecer su t\u00e9cnica y lenguaje expresivo como ebanista y dise\u00f1ador.<\/span><br style=\"color: #000000;\" \/><br style=\"color: #000000;\" \/><span style=\"color: #000000;\">Despu\u00e9s de cinco a\u00f1os de residir en Berl\u00edn, Alemania, donde trabaj\u00f3 en diversos talleres de ebanister\u00eda y de manera independiente, se instala nuevamente en Buenos Aires para dedicarse exclusivamente al dise\u00f1o y la realizaci\u00f3n de muebles finos, creando GP ebanister\u00eda de autor.<\/span><\/p>\n<hr \/>\n<div style=\"clear: both; text-align: right;\">Revista Parat\u00ed Deco, n\u00famero 152. Agosto 2016.<\/div>\n<div style=\"clear: both;\"><a href=\"https:\/\/www.gpebanisteria.com.ar\/gp_wp\/wp-content\/uploads\/2016\/09\/OFICIOS-Revista-parat\u00ed-ebanista.pdf\" class=\"pdfemb-viewer\" style=\"\" data-width=\"max\" data-height=\"max\" data-toolbar=\"bottom\" data-toolbar-fixed=\"off\">oficios-revista-parati-ebanista<\/a><\/div>\n","protected":false},"excerpt":{"rendered":"<p>Germ\u00e1n Plessl naci\u00f3 en Buenos Aires en 1968 y se dedica a la ebanister\u00eda desde 1990.\u00a0Fue disc\u00edpulo del maestro Blas Cantesani e integr\u00f3 luego durante cinco a\u00f1os la sociedad de ebanistas Plessl-Scherer en su taller de Capital Federal.\u00a0En los Estados Unidos se gradu\u00f3 en el\u00a0Fine Furniture Program,\u00a0del\u00a0Redwoods College\u00a0en Fort Bragg, California, programa de ebanister\u00eda mundialmente [&hellip;]<\/p>\n","protected":false},"author":1,"featured_media":0,"parent":0,"menu_order":42,"comment_status":"closed","ping_status":"closed","template":"","meta":{"footnotes":""},"class_list":["post-29","page","type-page","status-publish","hentry"],"_links":{"self":[{"href":"https:\/\/www.gpebanisteria.com.ar\/index.php?rest_route=\/wp\/v2\/pages\/29","targetHints":{"allow":["GET"]}}],"collection":[{"href":"https:\/\/www.gpebanisteria.com.ar\/index.php?rest_route=\/wp\/v2\/pages"}],"about":[{"href":"https:\/\/www.gpebanisteria.com.ar\/index.php?rest_route=\/wp\/v2\/types\/page"}],"author":[{"embeddable":true,"href":"https:\/\/www.gpebanisteria.com.ar\/index.php?rest_route=\/wp\/v2\/users\/1"}],"replies":[{"embeddable":true,"href":"https:\/\/www.gpebanisteria.com.ar\/index.php?rest_route=%2Fwp%2Fv2%2Fcomments&post=29"}],"version-history":[{"count":13,"href":"https:\/\/www.gpebanisteria.com.ar\/index.php?rest_route=\/wp\/v2\/pages\/29\/revisions"}],"predecessor-version":[{"id":1125,"href":"https:\/\/www.gpebanisteria.com.ar\/index.php?rest_route=\/wp\/v2\/pages\/29\/revisions\/1125"}],"wp:attachment":[{"href":"https:\/\/www.gpebanisteria.com.ar\/index.php?rest_route=%2Fwp%2Fv2%2Fmedia&parent=29"}],"curies":[{"name":"wp","href":"https:\/\/api.w.org\/{rel}","templated":true}]}}