{"id":2,"date":"2014-05-04T17:09:50","date_gmt":"2014-05-04T17:09:50","guid":{"rendered":"http:\/\/l9000166.ferozo.com\/gp_wp\/?page_id=2"},"modified":"2020-04-02T22:41:16","modified_gmt":"2020-04-03T01:41:16","slug":"pagina-ejemplo","status":"publish","type":"page","link":"https:\/\/www.gpebanisteria.com.ar\/","title":{"rendered":"Inicio"},"content":{"rendered":"<p style=\"text-align: center;\">\u00a0<a href=\"http:\/\/l9000166.ferozo.com\/gp_wp\/wp-content\/uploads\/2014\/05\/tensu-inici.jpg\"><br \/>\n<img loading=\"lazy\" decoding=\"async\" class=\"alignleft size-full wp-image-8\" src=\"http:\/\/l9000166.ferozo.com\/gp_wp\/wp-content\/uploads\/2014\/05\/tensu-inici.jpg\" alt=\"Tensu\" width=\"323\" height=\"710\" srcset=\"https:\/\/www.gpebanisteria.com.ar\/gp_wp\/wp-content\/uploads\/2014\/05\/tensu-inici.jpg 323w, https:\/\/www.gpebanisteria.com.ar\/gp_wp\/wp-content\/uploads\/2014\/05\/tensu-inici-136x300.jpg 136w\" sizes=\"auto, (max-width: 323px) 100vw, 323px\" \/><\/a><\/p>\n<p>Ya sean concebidos como piezas individuales de autor o encargados especialmente por aquel que busca algo diferente y a su medida, nuestros muebles est\u00e1n dise\u00f1ados y desarrollados con un concepto artesanal que se distingue en cada detalle.<\/p>\n<p style=\"color: #000000;\">En un proceso de estrecho intercambio con el cliente, buscamos interpretar sus ideas y necesidades, transform\u00e1ndolas en nuestro propio desaf\u00edo de alcanzar con la madera una s\u00edntesis de funcionalidad, elegancia y durabilidad.<\/p>\n<p style=\"color: #000000;\">Para un p\u00fablico sensible y perceptivo, amante de la madera y de los muebles que persisten en el tiempo. Para aquellos que buscan rodearse de objetos hechos con calidad y sello personal.<\/p>\n","protected":false},"excerpt":{"rendered":"<p>\u00a0 Ya sean concebidos como piezas individuales de autor o encargados especialmente por aquel que busca algo diferente y a su medida, nuestros muebles est\u00e1n dise\u00f1ados y desarrollados con un concepto artesanal que se distingue en cada detalle. En un proceso de estrecho intercambio con el cliente, buscamos interpretar sus ideas y necesidades, transform\u00e1ndolas en [&hellip;]<\/p>\n","protected":false},"author":1,"featured_media":0,"parent":0,"menu_order":26,"comment_status":"closed","ping_status":"closed","template":"","meta":{"footnotes":""},"class_list":["post-2","page","type-page","status-publish","hentry"],"_links":{"self":[{"href":"https:\/\/www.gpebanisteria.com.ar\/index.php?rest_route=\/wp\/v2\/pages\/2","targetHints":{"allow":["GET"]}}],"collection":[{"href":"https:\/\/www.gpebanisteria.com.ar\/index.php?rest_route=\/wp\/v2\/pages"}],"about":[{"href":"https:\/\/www.gpebanisteria.com.ar\/index.php?rest_route=\/wp\/v2\/types\/page"}],"author":[{"embeddable":true,"href":"https:\/\/www.gpebanisteria.com.ar\/index.php?rest_route=\/wp\/v2\/users\/1"}],"replies":[{"embeddable":true,"href":"https:\/\/www.gpebanisteria.com.ar\/index.php?rest_route=%2Fwp%2Fv2%2Fcomments&post=2"}],"version-history":[{"count":11,"href":"https:\/\/www.gpebanisteria.com.ar\/index.php?rest_route=\/wp\/v2\/pages\/2\/revisions"}],"predecessor-version":[{"id":1215,"href":"https:\/\/www.gpebanisteria.com.ar\/index.php?rest_route=\/wp\/v2\/pages\/2\/revisions\/1215"}],"wp:attachment":[{"href":"https:\/\/www.gpebanisteria.com.ar\/index.php?rest_route=%2Fwp%2Fv2%2Fmedia&parent=2"}],"curies":[{"name":"wp","href":"https:\/\/api.w.org\/{rel}","templated":true}]}}