{"id":182,"date":"2014-08-01T02:21:55","date_gmt":"2014-08-01T05:21:55","guid":{"rendered":"http:\/\/l9000166.ferozo.com\/gp_wp\/?page_id=182"},"modified":"2016-08-02T18:04:51","modified_gmt":"2016-08-02T21:04:51","slug":"auditorio","status":"publish","type":"page","link":"https:\/\/www.gpebanisteria.com.ar\/?page_id=182","title":{"rendered":"Barra para Auditorio"},"content":{"rendered":"<style> #gw_go_portfolio_barra-para-auditorio .gw-gopf-posts-wrap-inner { margin-left:-20px;margin-top:-20px; }\n #gw_go_portfolio_barra-para-auditorio .gw-gopf-filter-opacity .gw-gopf-col-wrap.gw-gopf-disabled { filter:alpha(opacity=30) !important;-ms-filter:\"progid:DXImageTransform.Microsoft.Alpha(Opacity=30)\" !important;-khtml-opacity:0.3 !important;-moz-opacity:0.3 !important;opacity:0.3 !important; }\n #gw_go_portfolio_barra-para-auditorio .gw-gopf-post-col { margin-left:20px;margin-top:20px; }\n #gw_go_portfolio_barra-para-auditorio .gw-gopf-cats { margin-bottom:20px !important; }\n #gw_go_portfolio_barra-para-auditorio .gw-gopf-filter { margin-left:-6px; }\n #gw_go_portfolio_barra-para-auditorio .gw-gopf-cats > span { margin-left:6px; }\n #gw_go_portfolio_barra-para-auditorio .gw-gopf-slider-controls > div { margin-bottom:20px; }\n #gw_go_portfolio_barra-para-auditorio .gw-gopf-slider-controls > div { margin-left:6px; }\n #gw_go_portfolio_barra-para-auditorio .gw-gopf-post-overlay-bg { background-color:#333333; }\n #gw_go_portfolio_barra-para-auditorio .gw-gopf-post-overlay-bg { filter:alpha(opacity=15);-ms-filter:\"progid:DXImageTransform.Microsoft.Alpha(Opacity=15)\";-khtml-opacity:0.15;-moz-opacity:0.15;opacity:0.15; }\n #gw_go_portfolio_barra-para-auditorio .gw-gopf-post-content { text-align:left; }\n #gw_go_portfolio_barra-para-auditorio .gw-gopf-post-more { text-align:left; }\n #gw_go_portfolio_barra-para-auditorio .gw-gopf-pagination-wrapper { padding-top:20px; }\n #gw_go_portfolio_barra-para-auditorio .gw-gopf-post-media-wrap { background-position:50% 0%; }\n #gw_go_portfolio_barra-para-auditorio .gw-gopf-style-door .gw-gopf-post-header { z-index:2 } #gw_go_portfolio_barra-para-auditorio .gw-gopf-style-door a.gw-gopf-btn {color:#151515;background:#666666;-moz-border-radius:2px;-webkit-border-radius:2px;border-radius:2px;display:inline-block;font-family:inherit;font-size:10px;height:29px;line-height:29px;padding:0 9px;position:relative;text-align:left;-moz-transition:color 0.08s ease-in-out, background-color 0.08s ease-in-out, border-color 0.08s ease-in-out;-ms-transition:color 0.08s ease-in-out, background-color 0.08s ease-in-out, border-color 0.08s ease-in-out;-o-transition:color 0.08s ease-in-out, background-color 0.08s ease-in-out, border-color 0.08s ease-in-out;-webkit-transition:color 0.08s ease-in-out, background-color 0.08s ease-in-out, border-color 0.08s ease-in-out;transition:color 0.08s ease-in-out, background-color 0.08s ease-in-out, border-color 0.08s ease-in-out;text-decoration:none !important;} #gw_go_portfolio_barra-para-auditorio .gw-gopf-style-door a.gw-gopf-btn.gw-gopf-btn-outlined {color:#666666;background:transparent;border:solid 1px #666666;height:27px;line-height:27px;padding:0 8px;} #gw_go_portfolio_barra-para-auditorio .gw-gopf-style-door a.gw-gopf-btn:hover {color:#151515;background:#ffffff;} #gw_go_portfolio_barra-para-auditorio .gw-gopf-style-door a.gw-gopf-btn.gw-gopf-btn-outlined:hover {color:#ffffff;background:transparent;border-color:#ffffff;} #gw_go_portfolio_barra-para-auditorio .gw-gopf-style-door a.gw-gopf-circle {-moz-border-radius:11px;-webkit-border-radius:11px;border-radius:11px;display:inline-block;height:44px;line-height:44px;position: relative;margin-left:3px;margin-right:3px;-moz-transition:color 0.08s ease-in-out, background-color 0.08s ease-in-out, border-color 0.08s ease-in-out;-ms-transition:color 0.08s ease-in-out, background-color 0.08s ease-in-out, border-color 0.08s ease-in-out;-o-transition:color 0.08s ease-in-out, background-color 0.08s ease-in-out, border-color 0.08s ease-in-out;-webkit-transition:color 0.08s ease-in-out, background-color 0.08s ease-in-out, border-color 0.08s ease-in-out;transition:color 0.08s ease-in-out, background-color 0.08s ease-in-out, border-color 0.08s ease-in-out;width:44px;} #gw_go_portfolio_barra-para-auditorio .gw-gopf-style-door .gw-gopf-cats > span a {background:#666666;-moz-border-radius:2px;-webkit-border-radius:2px;border-radius:2px;color:#151515;display:block;font-family:inherit;font-size:10px;height:29px;line-height:29px;padding:0 10px;text-decoration:none;-moz-transition:color 0.08s ease-in-out, background-color 0.08s ease-in-out, border-color 0.08s ease-in-out;-ms-transition:color 0.08s ease-in-out, background-color 0.08s ease-in-out, border-color 0.08s ease-in-out;-o-transition:color 0.08s ease-in-out, background-color 0.08s ease-in-out, border-color 0.08s ease-in-out;-webkit-transition:color 0.08s ease-in-out, background-color 0.08s ease-in-out, border-color 0.08s ease-in-out;transition:color 0.08s ease-in-out, background-color 0.08s ease-in-out, border-color 0.08s ease-in-out;} #gw_go_portfolio_barra-para-auditorio .gw-gopf-style-door .gw-gopf-cats > span a.gw-gopf-btn-outlined {color:#666666;background:transparent;border:solid 1px #666666;height:27px;line-height:27px;padding:0 8px;} #gw_go_portfolio_barra-para-auditorio .gw-gopf-style-door .gw-gopf-cats > span.gw-gopf-current a { background:#ffffff;} #gw_go_portfolio_barra-para-auditorio .gw-gopf-style-door .gw-gopf-cats > span.gw-gopf-current a.gw-gopf-btn-outlined  { background:transparent;border-color:#ffffff;color:#ffffff;} #gw_go_portfolio_barra-para-auditorio .gw-gopf-style-door .gw-gopf-cats > span a:hover { background:#eeeeee;} #gw_go_portfolio_barra-para-auditorio .gw-gopf-style-door .gw-gopf-cats > span a.gw-gopf-btn-outlined:hover { background:transparent;border-color:#eeeeee;color:#eeeeee;} #gw_go_portfolio_barra-para-auditorio .gw-gopf-style-door .gw-gopf-slider-controls > div a {background:#ffffff;-moz-border-radius:2px;-webkit-border-radius:2px;border-radius:2px;color:#151515;display:table-cell;height:29px;text-decoration:none;-moz-transition:color 0.08s ease-in-out, background-color 0.08s ease-in-out, border-color 0.08s ease-in-out;-ms-transition:color 0.08s ease-in-out, background-color 0.08s ease-in-out, border-color 0.08s ease-in-out;-o-transition:color 0.08s ease-in-out, background-color 0.08s ease-in-out, border-color 0.08s ease-in-out;-webkit-transition:color 0.08s ease-in-out, background-color 0.08s ease-in-out, border-color 0.08s ease-in-out;transition:color 0.08s ease-in-out, background-color 0.08s ease-in-out, border-color 0.08s ease-in-out;vertical-align:middle;width:28px;} #gw_go_portfolio_barra-para-auditorio .gw-gopf-style-door .gw-gopf-slider-controls > div a:hover {background:#666666;} #gw_go_portfolio_barra-para-auditorio .gw-gopf-style-door .gw-gopf-slider-controls > div a.disabled {background:#666666;} #gw_go_portfolio_barra-para-auditorio .gw-gopf-style-door a.gw-gopf-pagination-load-more {background:#666666;-moz-border-radius:2px;-webkit-border-radius:2px;border-radius:2px;color:#151515;display:inline-block;font-family:inherit;font-size:10px;height:29px;line-height:29px;padding:0 10px;text-decoration:none;-moz-transition:color 0.08s ease-in-out, background-color 0.08s ease-in-out, border-color 0.08s ease-in-out;-ms-transition:color 0.08s ease-in-out, background-color 0.08s ease-in-out, border-color 0.08s ease-in-out;-o-transition:color 0.08s ease-in-out, background-color 0.08s ease-in-out, border-color 0.08s ease-in-out;-webkit-transition:color 0.08s ease-in-out, background-color 0.08s ease-in-out, border-color 0.08s ease-in-out;transition:color 0.08s ease-in-out, background-color 0.08s ease-in-out, border-color 0.08s ease-in-out;} #gw_go_portfolio_barra-para-auditorio .gw-gopf-style-door a.gw-gopf-pagination-load-more.gw-gopf-btn-outlined {color:#666666;background:transparent;border:solid 1px #666666;height:27px;line-height:27px;padding:0 8px;} #gw_go_portfolio_barra-para-auditorio .gw-gopf-style-door a.gw-gopf-pagination-load-more:hover { background:#eeeeee;} #gw_go_portfolio_barra-para-auditorio .gw-gopf-style-door a.gw-gopf-pagination-load-more.gw-gopf-btn-outlined:hover { background:transparent;border-color:#eeeeee;color:#eeeeee;} #gw_go_portfolio_barra-para-auditorio .gw-gopf-style-door .gw-gopf-post, #gw_go_portfolio_barra-para-auditorio .gw-gopf-touch.gw-gopf-style-door .gw-gopf-post:hover {box-shadow:0px 0px 0px 10px rgba(0,0,0,0); -moz-border-radius:2px;-webkit-border-radius:2px;border-radius:2px;-moz-box-shadow:0px 0px 0px 10px rgba(0,0,0,0); -o-box-shadow:0px 0px 0px 10px rgba(0,0,0,0); -webkit-box-shadow:0px 0px 0px 10px rgba(0,0,0,0); box-shadow:0px 0px 0px 10px rgba(0,0,0,0);margin-bottom:0; overflow:hidden;padding-bottom:0;-moz-transition:border 0.1s ease-in-out, margin 0.1s ease-in-out, padding 0.1s ease-in-out, z-index 0s 1s;-ms-transition:border 0.1s ease-in-out, margin 0.1s ease-in-out, padding 0.1s ease-in-out, z-index 0s 1s;-o-transition:border 0.1s ease-in-out, margin 0.1s ease-in-out, padding 0.1s ease-in-out, z-index 0s 1s;-webkit-transition:border 0.1s ease-in-out, margin 0.1s ease-in-out, padding 0.1s ease-in-out, z-index 0s 1s;transition:border 0.1s ease-in-out, margin 0.1s ease-in-out, padding 0.1s ease-in-out, z-index 0s 1s;-webkit-transform: translateZ(0);z-index:2 !important;} #gw_go_portfolio_barra-para-auditorio .gw-gopf-style-door .gw-gopf-post:hover, #gw_go_portfolio_barra-para-auditorio .gw-gopf-touch.gw-gopf-style-door .gw-gopf-current.gw-gopf-post {border-color:#ffffff;-moz-box-shadow:0px 0px 0px 10px #ffffff), 0 0 10px 0px rgba(0,0,0,0.15);-o-box-shadow:0px 0px 0px 10px #ffffff, 0 0 10px 0px rgba(0,0,0,0.15);-webkit-box-shadow:0px 0px 0px 10px #ffffff, 0 0 10px 0px rgba(0,0,0,0.15);box-shadow:0px 0px 0px 10px #ffffff, 0 0 10px 0px rgba(0,0,0,0.15);-moz-transition:border 0.3s ease-in-out, margin 0.2s ease-in-out, padding 0.2s ease-in-out, z-index 0s 0s;-ms-transition:border 0.3s ease-in-out, margin 0.2s ease-in-out, padding 0.2s ease-in-out, z-index 0s 0s;-o-transition:border 0.3s ease-in-out, margin 0.2s ease-in-out, padding 0.2s ease-in-out, z-index 0s 0s;-webkit-transition:border 0.3s ease-in-out, margin 0.2s ease-in-out, padding 0.2s ease-in-out, z-index 0s 0s;transition:border 0.3s ease-in-out, margin 0.2s ease-in-out, padding 0.2s ease-in-out, z-index 0s 0s;z-index:3 !important;} #gw_go_portfolio_barra-para-auditorio .gw-gopf-style-door a.gw-gopf-post-overlay-circle { background:#ffffff;} #gw_go_portfolio_barra-para-auditorio .gw-gopf-style-door a.gw-gopf-post-overlay-circle:hover { background:#666666;} #gw_go_portfolio_barra-para-auditorio .gw-gopf-style-door a.gw-gopf-post-overlay-btn {background:#ffffff;margin-left:3px;margin-right:3px;} #gw_go_portfolio_barra-para-auditorio .gw-gopf-style-door a.gw-gopf-post-overlay-btn.gw-gopf-btn-outlined  {background:transparent;border-color:#ffffff;color:#ffffff;} #gw_go_portfolio_barra-para-auditorio .gw-gopf-style-door a.gw-gopf-post-overlay-btn:hover {background:#666666;} #gw_go_portfolio_barra-para-auditorio .gw-gopf-style-door a.gw-gopf-post-overlay-btn.gw-gopf-btn-outlined:hover {background:transparent;border-color:#666666;color:#666666;} #gw_go_portfolio_barra-para-auditorio .gw-gopf-style-door .gw-gopf-post-content-wrap, #gw_go_portfolio_barra-para-auditorio .gw-gopf-touch.gw-gopf-style-door .gw-gopf-post:hover .gw-gopf-post-content-wrap {opacity:0;position:absolute;-moz-transition:opacity 0.1s ease-in-out, height 0.1s ease-in-out;-ms-transition:opacity 0.1s ease-in-out, height 0.1s ease-in-out;-o-transition:opacity 0.1s ease-in-out, height 0.1s ease-in-out;-webkit-transition:opacity 0.1s ease-in-out, height 0.1s ease-in-out;transition:opacity 0.1s ease-in-out, height 0.1s ease-in-out;width:100%;z-index:2;} #gw_go_portfolio_barra-para-auditorio .gw-gopf-style-door .gw-gopf-post:hover .gw-gopf-post-content-wrap, #gw_go_portfolio_barra-para-auditorio .gw-gopf-touch.gw-gopf-style-door .gw-gopf-current.gw-gopf-post .gw-gopf-post-content-wrap { opacity:1;-moz-transition:opacity 0.3s ease-in-out, height 0.3s ease-in-out;-ms-transition:opacity 0.3s ease-in-out, height 0.3s ease-in-out;-o-transition:opacity 0.3s ease-in-out, height 0.3s ease-in-out;;-webkit-transition:opacity 0.3s ease-in-out, height 0.3s ease-in-out;transition:opacity 0.3s ease-in-out, height 0.3s ease-in-out;} #gw_go_portfolio_barra-para-auditorio .gw-gopf-style-door .gw-gopf-post-content-wrap:before {-moz-border-radius-bottomleft:2px;-moz-border-radius-bottomright:2px;-webkit-border-bottom-left-radius:2px;-webkit-border-bottom-right-radius:2px;border-bottom-left-radius:2px;border-bottom-right-radius:2px; background-color:#dddddd; opacity:1;} #gw_go_portfolio_barra-para-auditorio .gw-gopf-style-door .gw-gopf-post-content {color:#666666;font-family:inherit;font-size:10px;line-height:10px;padding:10px;} #gw_go_portfolio_barra-para-auditorio .gw-gopf-style-door .gw-gopf-post-content a {color:#ffffff;} #gw_go_portfolio_barra-para-auditorio .gw-gopf-style-door .gw-gopf-post-content a:hover {color:#666666;} #gw_go_portfolio_barra-para-auditorio .gw-gopf-style-door .gw-gopf-post-content h2 {color:#666666 !important;font-family:inherit !important;font-size:12px !important;line-height:12px !important;} #gw_go_portfolio_barra-para-auditorio .gw-gopf-style-door .gw-gopf-post-content h2 a { color:inherit;font-size:inherit !important;line-height:inherit !important;} #gw_go_portfolio_barra-para-auditorio .gw-gopf-style-door .gw-gopf-post-content h2 a:hover { color:#ffffff; } #gw_go_portfolio_barra-para-auditorio .gw-gopf-style-door .gw-gopf-post-meta {color:#eeeeee;font-family:inherit;font-size:8px;line-height:8px;} #gw_go_portfolio_barra-para-auditorio .gw-gopf-style-door .gw-gopf-post-excerpt {font-family:inherit;font-size:10px;line-height:10px !important;margin-top:15px;} #gw_go_portfolio_barra-para-auditorio .gw-gopf-style-door .gw-gopf-post-excerpt p {font-family:inherit;font-size:10px;line-height:10px !important;margin:0 0 15px !important;padding:0 !important;} #gw_go_portfolio_barra-para-auditorio .gw-gopf-style-door .gw-gopf-post-excerpt p:last-child { margin:0 !important;padding:0 !important;} #gw_go_portfolio_barra-para-auditorio .gw-gopf-style-door .gw-gopf-post-more { margin-top:15px; } #gw_go_portfolio_barra-para-auditorio .gw-gopf-style-door .gw-gopf-post-more a {color:#ffffff;font-size:10px;font-weight:bold;margin-top:15px;} #gw_go_portfolio_barra-para-auditorio .gw-gopf-style-door .gw-gopf-post-more a:hover { color:#666666;} #gw_go_portfolio_barra-para-auditorio .gw-gopf-style-door .gw-gopf-post-more a.gw-gopf-btn {color:#151515;font-weight:normal;margin-top:-3px;} #gw_go_portfolio_barra-para-auditorio .gw-gopf-style-door .gw-gopf-post-more a.gw-gopf-btn.gw-gopf-btn-outlined { color:#666666; } #gw_go_portfolio_barra-para-auditorio .gw-gopf-style-door .gw-gopf-post-more a.gw-gopf-btn.gw-gopf-btn-outlined:hover { color:#ffffff; } #gw_go_portfolio_barra-para-auditorio .gw-gopf-style-door .gw-gopf-post-more a.gw-gopf-btn { margin-left:10px } #gw_go_portfolio_barra-para-auditorio .gw-gopf-style-door .gw-gopf-post-more a.gw-gopf-btn:first-child { margin-left:0; } #gw_go_portfolio_barra-para-auditorio .gw-gopf-style-door .gw-gopf-post-content > *:first-child { margin-top:0 !important; } #gw_go_portfolio_barra-para-auditorio .gw-gopf-style-door div.gw-gopf-post-highlight-box, #gw_go_portfolio_barra-para-auditorio  .gw-gopf-style-door div.gw-gopf-post-highlight-box:first-child{background:#ffffff;padding:10px;margin:-10px -10px 10px !important;} #gw_go_portfolio_barra-para-auditorio .gw-gopf-style-door .gw-gopf-post-highlight-box * { color:#151515 !important;} #gw_go_portfolio_barra-para-auditorio .gw-gopf-style-door .gw-gopf-post-highlight-box a:hover { color:#666666 !important;} #gw_go_portfolio_barra-para-auditorio .gw-gopf-style-door .gw-gopf-woo-sale, #gw_go_portfolio_barra-para-auditorio .gw-gopf-touch.gw-gopf-style-door .gw-gopf-post:hover .gw-gopf-woo-sale {background:#ffffff;-moz-border-radius:22px;-webkit-border-radius:22px;border-radius:22px;color:#151515;display:inline-block;font-size:10px;height:44px;line-height:44px;position:absolute;right:10px;text-align:center;top:10px;-moz-transition:opacity 0.1s ease-in-out;-ms-transition:opacity 0.1s ease-in-out;-o-transition:opacity 0.1s ease-in-out;-webkit-transition:opacity 0.1s ease-in-out;transition:opacity 0.1s ease-in-out;width:44px;z-index:2;} #gw_go_portfolio_barra-para-auditorio .gw-gopf-style-door .gw-gopf-post:hover .gw-gopf-woo-sale, #gw_go_portfolio_barra-para-auditorio .gw-gopf-touch.gw-gopf-style-door .gw-gopf-current.gw-gopf-post .gw-gopf-woo-sale { filter:alpha(opacity=50); -ms-filter:\"progid:DXImageTransform.Microsoft.Alpha(Opacity=50)\"; -khtml-opacity:0.5; -moz-opacity:0.5; opacity:0.5;} #gw_go_portfolio_barra-para-auditorio .gw-gopf-style-door .gw-gopf-post-woo-price {color:#ffffff;font-size:16px;font-weight:bold;line-height:16px;margin-top:15px;} #gw_go_portfolio_barra-para-auditorio .gw-gopf-style-door .gw-gopf-post-woo-price del {background:none;color:#81d742;font-size:12px;line-height:12px;margin-right:5px;text-decoration:line-through;} #gw_go_portfolio_barra-para-auditorio .gw-gopf-style-door .gw-gopf-post-woo-price ins { background:none;text-decoration:none;} #gw_go_portfolio_barra-para-auditorio .gw-gopf-style-door-no-effect .gw-gopf-post-media-wrap {-moz-border-radius:2px;-webkit-border-radius:2px;border-radius:2px;} #gw_go_portfolio_barra-para-auditorio .gw-gopf-style-door-no-effect .gw-gopf-post-overlay-bg { -moz-border-radius:2px;-webkit-border-radius:2px;border-radius:2px;} #gw_go_portfolio_barra-para-auditorio .gw-gopf-style-door-no-effect .gw-gopf-post-content-wrap { display:none;} #gw_go_portfolio_barra-para-auditorio .gw-gopf-style-door-slide-down .gw-gopf-post-media-wrap, #gw_go_portfolio_barra-para-auditorio .gw-gopf-touch.gw-gopf-style-door-slide-down .gw-gopf-post:hover .gw-gopf-post-media-wrap {border-radius:2px;-webkit-transition:-webkit-border-radius 0.1s ease-in-out;} #gw_go_portfolio_barra-para-auditorio .gw-gopf-style-door-slide-down .gw-gopf-post:hover .gw-gopf-post-media-wrap, #gw_go_portfolio_barra-para-auditorio .gw-gopf-touch.gw-gopf-style-door-slide-down .gw-gopf-current.gw-gopf-post .gw-gopf-post-media-wrap {-moz-border-radius:0;-webkit-border-radius:0;border-radius:0;-moz-border-radius-topleft:2px;-moz-border-radius-topright:2px;-webkit-border-top-left-radius:2px;-webkit-border-top-right-radius:2px;border-top-left-radius:2px;border-top-right-radius:2px;} #gw_go_portfolio_barra-para-auditorio .gw-gopf-style-door-slide-down .gw-gopf-post-overlay-bg { -moz-border-radius-topleft:2px;-moz-border-radius-topright:2px;-webkit-border-top-left-radius:2px;-webkit-border-top-right-radius:2px;border-top-left-radius:2px;border-top-right-radius:2px;}\n<\/style><div id=\"gw_go_portfolio_barra-para-auditorio\" style=\"margin-top:0;margin-bottom:0;\"><!--[if lt IE 9]><div class=\"gw-gopf gw-gopf-ie gw-gopf-grid-type gw-gopf-5cols gw-gopf-style-door gw-gopf-style-door-no-effect  gw-gopf-pagination\" data-url=\"https:\/\/www.gpebanisteria.com.ar\/gp_wp\/wp-admin\/admin-ajax.php\" data-id=\"57a109ee6319d\" data-cols=\"5\" data-rowspace=\"20\" data-rtl=\"false\" data-transenabled=\"true\" data-lbenabled=\"true\" data-lbgallery=\"true\" data-deep-linking=\"false\"  data-filter-type=\"isotope\"><![endif]--><!--[if gte IE 9]> <!--><div class=\"gw-gopf gw-gopf-no-trans gw-gopf-grid-type gw-gopf-5cols gw-gopf-style-door gw-gopf-style-door-no-effect  gw-gopf-pagination\" data-url=\"https:\/\/www.gpebanisteria.com.ar\/gp_wp\/wp-admin\/admin-ajax.php\" data-id=\"57a109ee6319d\" data-cols=\"5\" data-rowspace=\"20\" data-rtl=\"false\" data-transenabled=\"true\" data-lbenabled=\"true\" data-lbgallery=\"true\" data-deep-linking=\"false\"  data-filter-type=\"isotope\"> <!--<![endif]--><div class=\"gw-gopf-posts-wrap\"><div class=\"gw-gopf-posts-wrap-inner\"><div class=\"gw-gopf-posts gw-gopf-clearfix\" data-col=\"5\"><div id=\"1055\" class=\"gw-gopf-col-wrap\" data-filter=\"\"><div class=\"gw-gopf-post-col gw-gopf-has-overlay gw-gopf-post-overlay-hover\"><div class=\"gw-gopf-post\"><div class=\"gw-gopf-post-header\"><div class=\"gw-gopf-post-overlay\"><div class=\"gw-gopf-post-overlay-bg\"><\/div><div class=\"gw-gopf-post-overlay-inner\"><\/div><\/div><a title=\"\" data-id=\"1055_57a109ee6319d\" href=\"https:\/\/www.gpebanisteria.com.ar\/gp_wp\/wp-content\/uploads\/2016\/08\/escritorio-recepci\u00f3n-1.jpg\" data-content=\"\" data-mfp-src=\"https:\/\/www.gpebanisteria.com.ar\/gp_wp\/wp-content\/uploads\/2016\/08\/escritorio-recepci\u00f3n-1.jpg\" class=\"gw-gopf-magnific-popup gw-gopf-post-overlay gw-gopf-post-overlay-link\"><\/a><div class=\"gw-gopf-post-media-wrap\" style=\"background-image:url('https:\/\/www.gpebanisteria.com.ar\/gp_wp\/wp-content\/uploads\/2016\/08\/escritorio-recepci\u00f3n-1-150x150.jpg'); filter:progid:DXImageTransform.Microsoft.AlphaImageLoader(src=https:\/\/www.gpebanisteria.com.ar\/gp_wp\/wp-content\/uploads\/2016\/08\/escritorio-recepci\u00f3n-1-150x150.jpg, sizingMethod='scale');\"><img decoding=\"async\" src=\"https:\/\/www.gpebanisteria.com.ar\/gp_wp\/wp-content\/uploads\/2016\/08\/escritorio-recepci\u00f3n-1-150x150.jpg\" alt=\"escritorio recepci\u00f3n gp ebanisteria\"><\/div><\/div><div class=\"gw-gopf-post-content-wrap\"><div class=\"gw-gopf-post-content\"><div class=\"gw-gopf-post-excerpt\"><\/div><div class=\"gw-gopf-post-more\"><a href=\"https:\/\/www.gpebanisteria.com.ar\/?attachment_id=1055\" class=\"\" target=\"_self\"><\/a><\/div><\/div><\/div><\/div><\/div><\/div><div id=\"1056\" class=\"gw-gopf-col-wrap\" data-filter=\"\"><div class=\"gw-gopf-post-col gw-gopf-has-overlay gw-gopf-post-overlay-hover\"><div class=\"gw-gopf-post\"><div class=\"gw-gopf-post-header\"><div class=\"gw-gopf-post-overlay\"><div class=\"gw-gopf-post-overlay-bg\"><\/div><div class=\"gw-gopf-post-overlay-inner\"><\/div><\/div><a title=\"\" data-id=\"1056_57a109ee6319d\" href=\"https:\/\/www.gpebanisteria.com.ar\/gp_wp\/wp-content\/uploads\/2016\/08\/puertas.jpg\" data-content=\"\" data-mfp-src=\"https:\/\/www.gpebanisteria.com.ar\/gp_wp\/wp-content\/uploads\/2016\/08\/puertas.jpg\" class=\"gw-gopf-magnific-popup gw-gopf-post-overlay gw-gopf-post-overlay-link\"><\/a><div class=\"gw-gopf-post-media-wrap\" style=\"background-image:url('https:\/\/www.gpebanisteria.com.ar\/gp_wp\/wp-content\/uploads\/2016\/08\/puertas-150x150.jpg'); filter:progid:DXImageTransform.Microsoft.AlphaImageLoader(src=https:\/\/www.gpebanisteria.com.ar\/gp_wp\/wp-content\/uploads\/2016\/08\/puertas-150x150.jpg, sizingMethod='scale');\"><img decoding=\"async\" src=\"https:\/\/www.gpebanisteria.com.ar\/gp_wp\/wp-content\/uploads\/2016\/08\/puertas-150x150.jpg\" alt=\"gp ebanisteria\"><\/div><\/div><div class=\"gw-gopf-post-content-wrap\"><div class=\"gw-gopf-post-content\"><div class=\"gw-gopf-post-excerpt\"><\/div><div class=\"gw-gopf-post-more\"><a href=\"https:\/\/www.gpebanisteria.com.ar\/?attachment_id=1056\" class=\"\" target=\"_self\"><\/a><\/div><\/div><\/div><\/div><\/div><\/div><\/div><\/div><\/div><div class=\"gw-gopf-clearfix\"><\/div><div class=\"gw-gopf-pagination-wrapper gw-gopf-clearfix\" data-posts=\"2\" data-posts-per-page=\"-1\" data-loaded=\"1055,1056\" data-pages=\"0\" data-current-page=\"1\" data-current-id=\"\"><\/div><\/div><\/div>\n<p><strong>Barra para auditorio<\/strong><br \/>\nCapital Markets Argentina<\/p>\n<p>Dise\u00f1o: Arq Nilda Pereira<\/p>\n<p>Maple canadiense con filete<br \/>\nAcabado: Laqueado<\/p>\n<hr \/>\n<p><strong>Revestimiento puertas Auditorio<\/strong><\/p>\n<p>Capital Markets Argentina<\/p>\n<p>Dise\u00f1o: Arq Nilda Pereira<\/p>\n<p>Quilted Maple<br \/>\nAcabado: Laqueado Poliuret\u00e1nico<\/p>\n<div><a title=\"Galer\u00eda\" href=\"http:\/\/www.gpebanisteria.com.ar\/gp_wp\/?page_id=737\">Volver a Galer\u00eda<\/a><\/div>\n","protected":false},"excerpt":{"rendered":"<p>Barra para auditorio Capital Markets Argentina Dise\u00f1o: Arq Nilda Pereira Maple canadiense con filete Acabado: Laqueado Revestimiento puertas Auditorio Capital Markets Argentina Dise\u00f1o: Arq Nilda Pereira Quilted Maple Acabado: Laqueado Poliuret\u00e1nico Volver a Galer\u00eda<\/p>\n","protected":false},"author":1,"featured_media":0,"parent":0,"menu_order":14,"comment_status":"closed","ping_status":"closed","template":"","meta":{"footnotes":""},"class_list":["post-182","page","type-page","status-publish","hentry"],"_links":{"self":[{"href":"https:\/\/www.gpebanisteria.com.ar\/index.php?rest_route=\/wp\/v2\/pages\/182","targetHints":{"allow":["GET"]}}],"collection":[{"href":"https:\/\/www.gpebanisteria.com.ar\/index.php?rest_route=\/wp\/v2\/pages"}],"about":[{"href":"https:\/\/www.gpebanisteria.com.ar\/index.php?rest_route=\/wp\/v2\/types\/page"}],"author":[{"embeddable":true,"href":"https:\/\/www.gpebanisteria.com.ar\/index.php?rest_route=\/wp\/v2\/users\/1"}],"replies":[{"embeddable":true,"href":"https:\/\/www.gpebanisteria.com.ar\/index.php?rest_route=%2Fwp%2Fv2%2Fcomments&post=182"}],"version-history":[{"count":7,"href":"https:\/\/www.gpebanisteria.com.ar\/index.php?rest_route=\/wp\/v2\/pages\/182\/revisions"}],"predecessor-version":[{"id":1054,"href":"https:\/\/www.gpebanisteria.com.ar\/index.php?rest_route=\/wp\/v2\/pages\/182\/revisions\/1054"}],"wp:attachment":[{"href":"https:\/\/www.gpebanisteria.com.ar\/index.php?rest_route=%2Fwp%2Fv2%2Fmedia&parent=182"}],"curies":[{"name":"wp","href":"https:\/\/api.w.org\/{rel}","templated":true}]}}