{"id":18,"date":"2014-06-04T17:37:27","date_gmt":"2014-06-04T17:37:27","guid":{"rendered":"http:\/\/l9000166.ferozo.com\/gp_wp\/?page_id=18"},"modified":"2021-07-27T08:56:50","modified_gmt":"2021-07-27T11:56:50","slug":"perspectiva","status":"publish","type":"page","link":"https:\/\/www.gpebanisteria.com.ar\/?page_id=18","title":{"rendered":"Perspectiva"},"content":{"rendered":"<div style=\"vertical-align: middle;\">\n<div style=\"padding-bottom: 20px;\">\n<p><img loading=\"lazy\" decoding=\"async\" class=\"alignleft wp-image-20 size-full\" src=\"https:\/\/www.gpebanisteria.com.ar\/gp_wp\/wp-content\/uploads\/2014\/06\/autor.jpg\" alt=\"autor\" width=\"300\" height=\"200\" \/><strong>Muebles de autor<\/strong><\/p>\n<p>Son el resultado de nuestra exploraci\u00f3n de nuevas formas de expresi\u00f3n con el dise\u00f1o y el trabajo en madera. Piezas \u00fanicas nacidas de la inspiraci\u00f3n en las que cada detalle y excelencia en su realizaci\u00f3n procuran ser una invitaci\u00f3n a los sentidos. Son comercializadas por medio de galer\u00edas, nuestro sitio web y por encargos exclusivos.<\/p>\n<p>&nbsp;<\/p>\n<p style=\"clear: both; padding-top: 20px;\"><img loading=\"lazy\" decoding=\"async\" class=\"alignleft wp-image-23 size-full\" src=\"https:\/\/www.gpebanisteria.com.ar\/gp_wp\/wp-content\/uploads\/2014\/06\/proyectos.jpg\" alt=\"proyectos\" width=\"300\" height=\"200\" \/><strong>Proyectos<\/strong><\/p>\n<p>En GP realizamos, adem\u00e1s, proyectos destinados a clientes particulares, arquitectos, decoradores y empresas. El criterio de dise\u00f1o en este caso incorpora la necesidad concreta de crear para cada cliente un mueble u objeto para un ambiente y uso determinado.<\/p>\n<p>&nbsp;<\/p>\n<p>&nbsp;<\/p>\n<\/div>\n<div style=\"clear: both;\">\n<p><strong><a href=\"https:\/\/www.gpebanisteria.com.ar\/gp_wp\/wp-content\/uploads\/2014\/06\/funcion.jpg\"><img loading=\"lazy\" decoding=\"async\" class=\"alignleft wp-image-21 size-full\" src=\"https:\/\/www.gpebanisteria.com.ar\/gp_wp\/wp-content\/uploads\/2014\/06\/funcion.jpg\" alt=\"funcion\" width=\"300\" height=\"200\" \/><\/a>Dise\u00f1ar pensando en la funcionalidad<\/strong><\/p>\n<p><span>El dise\u00f1o de un proyecto es el primer paso en la realizaci\u00f3n de un mueble. Por lo general comienza con bocetos, consultando libros y otras fuentes, acerc\u00e1ndonos a la idea planteada. Este proceso junto al cliente busca llegar al dise\u00f1o final que exprese fielmente la s\u00edntesis entre funcionalidad y forma.<\/span><\/p>\n<p>&nbsp;<\/p>\n<\/div>\n<div style=\"clear: both; padding-top: 20px;\"><strong><br \/>\n<img loading=\"lazy\" decoding=\"async\" class=\"alignleft wp-image-22 size-full\" src=\"https:\/\/www.gpebanisteria.com.ar\/gp_wp\/wp-content\/uploads\/2014\/06\/maderas.jpg\" alt=\"maderas\" width=\"300\" height=\"200\" \/>Dise\u00f1ar con la madera<br \/>\n<\/strong><br \/><span style=\"color: #000000;\">En cada proyecto buscamos poner a disposici\u00f3n del cliente toda nuestra experiencia y sensibilidad a la hora de elegir la madera apropiada, present\u00e1ndole muestras de maderas y acabados que consideren la adecuada ecuaci\u00f3n entre calidad y costos.<\/span><\/div>\n<div style=\"clear: both;\"><\/div>\n<div style=\"clear: both; padding-top: 20px;\">\n<p><strong><a href=\"https:\/\/www.gpebanisteria.com.ar\/gp_wp\/wp-content\/uploads\/2014\/06\/taller.jpg\"><img loading=\"lazy\" decoding=\"async\" class=\"alignleft wp-image-24 size-full\" src=\"https:\/\/www.gpebanisteria.com.ar\/gp_wp\/wp-content\/uploads\/2014\/06\/taller.jpg\" alt=\"taller\" width=\"300\" height=\"200\" \/><\/a>Nuestras manos, la herramienta, el taller<br \/>\n<\/strong><br \/><span>Impregnado de perfume de maderas, el taller es nuestro espacio de expresi\u00f3n. En su interior se refleja, adem\u00e1s, el legado de nuestra experiencia y amor por el oficio. Desde aqu\u00ed nos abocamos a renovarnos y actualizarnos profesionalmente, siempre trabajando con el esp\u00edritu artesanal que inspira a nuestras manos y herramientas a brindarnos con excelencia en cada proyecto.<\/span><\/p>\n<\/div>\n<\/div>\n","protected":false},"excerpt":{"rendered":"<p>Muebles de autor Son el resultado de nuestra exploraci\u00f3n de nuevas formas de expresi\u00f3n con el dise\u00f1o y el trabajo en madera. Piezas \u00fanicas nacidas de la inspiraci\u00f3n en las que cada detalle y excelencia en su realizaci\u00f3n procuran ser una invitaci\u00f3n a los sentidos. Son comercializadas por medio de galer\u00edas, nuestro sitio web y [&hellip;]<\/p>\n","protected":false},"author":1,"featured_media":0,"parent":0,"menu_order":41,"comment_status":"closed","ping_status":"closed","template":"","meta":{"footnotes":""},"class_list":["post-18","page","type-page","status-publish","hentry"],"_links":{"self":[{"href":"https:\/\/www.gpebanisteria.com.ar\/index.php?rest_route=\/wp\/v2\/pages\/18","targetHints":{"allow":["GET"]}}],"collection":[{"href":"https:\/\/www.gpebanisteria.com.ar\/index.php?rest_route=\/wp\/v2\/pages"}],"about":[{"href":"https:\/\/www.gpebanisteria.com.ar\/index.php?rest_route=\/wp\/v2\/types\/page"}],"author":[{"embeddable":true,"href":"https:\/\/www.gpebanisteria.com.ar\/index.php?rest_route=\/wp\/v2\/users\/1"}],"replies":[{"embeddable":true,"href":"https:\/\/www.gpebanisteria.com.ar\/index.php?rest_route=%2Fwp%2Fv2%2Fcomments&post=18"}],"version-history":[{"count":53,"href":"https:\/\/www.gpebanisteria.com.ar\/index.php?rest_route=\/wp\/v2\/pages\/18\/revisions"}],"predecessor-version":[{"id":1274,"href":"https:\/\/www.gpebanisteria.com.ar\/index.php?rest_route=\/wp\/v2\/pages\/18\/revisions\/1274"}],"wp:attachment":[{"href":"https:\/\/www.gpebanisteria.com.ar\/index.php?rest_route=%2Fwp%2Fv2%2Fmedia&parent=18"}],"curies":[{"name":"wp","href":"https:\/\/api.w.org\/{rel}","templated":true}]}}