{"id":10,"date":"2014-06-04T17:30:43","date_gmt":"2014-06-04T17:30:43","guid":{"rendered":"http:\/\/l9000166.ferozo.com\/gp_wp\/?page_id=10"},"modified":"2021-07-27T08:49:33","modified_gmt":"2021-07-27T11:49:33","slug":"galeria","status":"publish","type":"page","link":"https:\/\/www.gpebanisteria.com.ar\/?page_id=10","title":{"rendered":"Galer\u00eda"},"content":{"rendered":"<p>Hac\u00e9 click en una foto para ver m\u00e1s muebles de la misma categor\u00eda.<\/p>\n\n\t\t<style type=\"text\/css\">\n\t\t\t#gallery-2 {\n\t\t\t\tmargin: auto;\n\t\t\t}\n\t\t\t#gallery-2 .gallery-item {\n\t\t\t\tfloat: left;\n\t\t\t\tmargin-top: 10px;\n\t\t\t\ttext-align: center;\n\t\t\t\twidth: 33%;\n\t\t\t}\n\t\t\t#gallery-2 img {\n\t\t\t\tborder: 2px solid #cfcfcf;\n\t\t\t}\n\t\t\t#gallery-2 .gallery-caption {\n\t\t\t\tmargin-left: 0;\n\t\t\t}\n\t\t\t\/* see gallery_shortcode() in wp-includes\/media.php *\/\n\t\t<\/style>\n\t\t<div id='gallery-2' class='gallery galleryid-10 gallery-columns-3 gallery-size-medium'><dl class='gallery-item'>\n\t\t\t<dt class='gallery-icon portrait'>\n\t\t\t\t<a href=\"http:\/\/www.gpebanisteria.com.ar\/gp_wp\/?page_id=730\" class=\"no-lightbox\"><img loading=\"lazy\" decoding=\"async\" width=\"237\" height=\"300\" src=\"https:\/\/www.gpebanisteria.com.ar\/gp_wp\/wp-content\/uploads\/2014\/06\/mesas-237x300.jpg\" class=\"attachment-medium size-medium\" alt=\"\" srcset=\"https:\/\/www.gpebanisteria.com.ar\/gp_wp\/wp-content\/uploads\/2014\/06\/mesas-237x300.jpg 237w, https:\/\/www.gpebanisteria.com.ar\/gp_wp\/wp-content\/uploads\/2014\/06\/mesas-715x904.jpg 715w, https:\/\/www.gpebanisteria.com.ar\/gp_wp\/wp-content\/uploads\/2014\/06\/mesas.jpg 724w\" sizes=\"auto, (max-width: 237px) 100vw, 237px\" \/><\/a>\n\t\t\t<\/dt><\/dl><dl class='gallery-item'>\n\t\t\t<dt class='gallery-icon portrait'>\n\t\t\t\t<a href=\"http:\/\/www.gpebanisteria.com.ar\/gp_wp\/?page_id=722\" class=\"no-lightbox\"><img loading=\"lazy\" decoding=\"async\" width=\"202\" height=\"300\" src=\"https:\/\/www.gpebanisteria.com.ar\/gp_wp\/wp-content\/uploads\/2014\/06\/gabinetes-202x300.jpg\" class=\"attachment-medium size-medium\" alt=\"\" srcset=\"https:\/\/www.gpebanisteria.com.ar\/gp_wp\/wp-content\/uploads\/2014\/06\/gabinetes-202x300.jpg 202w, https:\/\/www.gpebanisteria.com.ar\/gp_wp\/wp-content\/uploads\/2014\/06\/gabinetes.jpg 502w\" sizes=\"auto, (max-width: 202px) 100vw, 202px\" \/><\/a>\n\t\t\t<\/dt><\/dl><dl class='gallery-item'>\n\t\t\t<dt class='gallery-icon landscape'>\n\t\t\t\t<a href=\"http:\/\/www.gpebanisteria.com.ar\/gp_wp\/?page_id=735\" class=\"no-lightbox\"><img loading=\"lazy\" decoding=\"async\" width=\"300\" height=\"225\" src=\"https:\/\/www.gpebanisteria.com.ar\/gp_wp\/wp-content\/uploads\/2014\/06\/comodas-1-300x225.jpg\" class=\"attachment-medium size-medium\" alt=\"\" srcset=\"https:\/\/www.gpebanisteria.com.ar\/gp_wp\/wp-content\/uploads\/2014\/06\/comodas-1-300x225.jpg 300w, https:\/\/www.gpebanisteria.com.ar\/gp_wp\/wp-content\/uploads\/2014\/06\/comodas-1.jpg 623w\" sizes=\"auto, (max-width: 300px) 100vw, 300px\" \/><\/a>\n\t\t\t<\/dt><\/dl><br style=\"clear: both\" \/><dl class='gallery-item'>\n\t\t\t<dt class='gallery-icon landscape'>\n\t\t\t\t<a href=\"http:\/\/www.gpebanisteria.com.ar\/gp_wp\/?page_id=732\" class=\"no-lightbox\"><img loading=\"lazy\" decoding=\"async\" width=\"300\" height=\"226\" src=\"https:\/\/www.gpebanisteria.com.ar\/gp_wp\/wp-content\/uploads\/2014\/06\/banqueta-300x226.jpg\" class=\"attachment-medium size-medium\" alt=\"\" srcset=\"https:\/\/www.gpebanisteria.com.ar\/gp_wp\/wp-content\/uploads\/2014\/06\/banqueta-300x226.jpg 300w, https:\/\/www.gpebanisteria.com.ar\/gp_wp\/wp-content\/uploads\/2014\/06\/banqueta.jpg 566w\" sizes=\"auto, (max-width: 300px) 100vw, 300px\" \/><\/a>\n\t\t\t<\/dt><\/dl><dl class='gallery-item'>\n\t\t\t<dt class='gallery-icon landscape'>\n\t\t\t\t<a href=\"http:\/\/www.gpebanisteria.com.ar\/gp_wp\/?page_id=737\" class=\"no-lightbox\"><img loading=\"lazy\" decoding=\"async\" width=\"300\" height=\"265\" src=\"https:\/\/www.gpebanisteria.com.ar\/gp_wp\/wp-content\/uploads\/2014\/06\/otros-300x265.jpg\" class=\"attachment-medium size-medium\" alt=\"\" srcset=\"https:\/\/www.gpebanisteria.com.ar\/gp_wp\/wp-content\/uploads\/2014\/06\/otros-300x265.jpg 300w, https:\/\/www.gpebanisteria.com.ar\/gp_wp\/wp-content\/uploads\/2014\/06\/otros.jpg 472w\" sizes=\"auto, (max-width: 300px) 100vw, 300px\" \/><\/a>\n\t\t\t<\/dt><\/dl>\n\t\t\t<br style='clear: both' \/>\n\t\t<\/div>\n\n<p>&nbsp;<\/p>\n","protected":false},"excerpt":{"rendered":"<p>Hac\u00e9 click en una foto para ver m\u00e1s muebles de la misma categor\u00eda. &nbsp;<\/p>\n","protected":false},"author":1,"featured_media":0,"parent":0,"menu_order":40,"comment_status":"closed","ping_status":"closed","template":"","meta":{"footnotes":""},"class_list":["post-10","page","type-page","status-publish","hentry"],"_links":{"self":[{"href":"https:\/\/www.gpebanisteria.com.ar\/index.php?rest_route=\/wp\/v2\/pages\/10","targetHints":{"allow":["GET"]}}],"collection":[{"href":"https:\/\/www.gpebanisteria.com.ar\/index.php?rest_route=\/wp\/v2\/pages"}],"about":[{"href":"https:\/\/www.gpebanisteria.com.ar\/index.php?rest_route=\/wp\/v2\/types\/page"}],"author":[{"embeddable":true,"href":"https:\/\/www.gpebanisteria.com.ar\/index.php?rest_route=\/wp\/v2\/users\/1"}],"replies":[{"embeddable":true,"href":"https:\/\/www.gpebanisteria.com.ar\/index.php?rest_route=%2Fwp%2Fv2%2Fcomments&post=10"}],"version-history":[{"count":44,"href":"https:\/\/www.gpebanisteria.com.ar\/index.php?rest_route=\/wp\/v2\/pages\/10\/revisions"}],"predecessor-version":[{"id":1273,"href":"https:\/\/www.gpebanisteria.com.ar\/index.php?rest_route=\/wp\/v2\/pages\/10\/revisions\/1273"}],"wp:attachment":[{"href":"https:\/\/www.gpebanisteria.com.ar\/index.php?rest_route=%2Fwp%2Fv2%2Fmedia&parent=10"}],"curies":[{"name":"wp","href":"https:\/\/api.w.org\/{rel}","templated":true}]}}